{"id":2,"date":"2023-01-10T12:06:53","date_gmt":"2023-01-10T15:06:53","guid":{"rendered":"https:\/\/tehco.com.ar\/home\/tehco.com.ar\/public_html\/?page_id=2"},"modified":"2025-06-03T11:02:00","modified_gmt":"2025-06-03T14:02:00","slug":"sample-page","status":"publish","type":"page","link":"https:\/\/tehco.com.ar\/","title":{"rendered":"\u00a1Bienvenidos!"},"content":{"rendered":"\n<p style=\"text-align: left;\">Somos <strong>TEHCO<\/strong>. Una empresa de aproximadamente 4 a\u00f1os de trayectoria en el mercado, y con m\u00e1s de 15 a\u00f1os de experiencia t\u00e9cnica.<\/p>\n\n\n\n<div class=\"wp-block-group\"><div class=\"wp-block-group__inner-container is-layout-constrained wp-block-group-is-layout-constrained\">\n<h2><strong>\u00bfQu\u00e9<\/strong><strong> hacemos?<\/strong><\/h2>\n<\/div><\/div>\n\n\n\n<p>Nos dedicamos a dar servicio a las industrias en general. Mejoramos las instalaciones y procesos productivos de las empresas, para que obtengan productos con:<\/p>\n<ul>\n<li>Mayor calidad<\/li>\n<li>Mejor rentabilidad\u00a0<\/li>\n<li>En condiciones de trabajo seguras<\/li>\n<li>Cuidando el medio ambiente<\/li>\n<\/ul>\n\n\n\n<h2><strong>\u00bfC\u00f3mo lo hacemos?<\/strong><\/h2>\n\n\n\n<p>Aplicando herramientas de ingenier\u00eda mec\u00e1nica, c\u00e1lculo, dise\u00f1o y desarrollo; generando documentaci\u00f3n t\u00e9cnica; seleccionando un equipo de t\u00e9cnicos profesionales para el trabajo espec\u00edfico y coordinando la ejecuci\u00f3n de todas las etapas del proyecto.<\/p>\n\n\n\n<figure class=\"wp-block-gallery has-nested-images columns-default is-cropped\"><\/figure>\n\n\n\n<p><\/p>\n\n\n\n<p><\/p>\n","protected":false},"excerpt":{"rendered":"<p>Somos TEHCO. Una empresa de aproximadamente 4 a\u00f1os de trayectoria en el mercado, y con m\u00e1s de 15 a\u00f1os de experiencia t\u00e9cnica. \u00bfQu\u00e9 hacemos? Nos dedicamos a dar servicio a las industrias en general. Mejoramos las instalaciones y procesos productivos de las empresas, para que obtengan productos con: Mayor calidad Mejor rentabilidad\u00a0 En condiciones de &hellip; <\/p>\n<p class=\"link-more\"><a href=\"https:\/\/tehco.com.ar\/\" class=\"more-link\">Segu\u00ed leyendo<span class=\"screen-reader-text\"> &#8220;\u00a1Bienvenidos!&#8221;<\/span><\/a><\/p>\n","protected":false},"author":1,"featured_media":0,"parent":0,"menu_order":0,"comment_status":"closed","ping_status":"closed","template":"","meta":{"_joinchat":[],"footnotes":""},"class_list":["post-2","page","type-page","status-publish","hentry"],"yoast_head":"<!-- This site is optimized with the Yoast SEO plugin v26.6 - https:\/\/yoast.com\/wordpress\/plugins\/seo\/ -->\n<title>\u00a1Bienvenidos! - TEHCO<\/title>\n<meta name=\"description\" content=\"Somos TEHCO. Una empresa de aproximadamente 4 a\u00f1os de trayectoria en el mercado, y con m\u00e1s de 15 a\u00f1os de experiencia t\u00e9cnica.\" \/>\n<meta name=\"robots\" content=\"index, follow, max-snippet:-1, max-image-preview:large, max-video-preview:-1\" \/>\n<link rel=\"canonical\" href=\"https:\/\/tehco.com.ar\/\" \/>\n<meta property=\"og:locale\" content=\"es_ES\" \/>\n<meta property=\"og:type\" content=\"article\" \/>\n<meta property=\"og:title\" content=\"\u00a1Bienvenidos! - TEHCO\" \/>\n<meta property=\"og:description\" content=\"Somos TEHCO. Una empresa de aproximadamente 4 a\u00f1os de trayectoria en el mercado, y con m\u00e1s de 15 a\u00f1os de experiencia t\u00e9cnica.\" \/>\n<meta property=\"og:url\" content=\"https:\/\/tehco.com.ar\/\" \/>\n<meta property=\"og:site_name\" content=\"TEHCO\" \/>\n<meta property=\"article:modified_time\" content=\"2025-06-03T14:02:00+00:00\" \/>\n<meta name=\"twitter:card\" content=\"summary_large_image\" \/>\n<meta name=\"twitter:label1\" content=\"Tiempo de lectura\" \/>\n\t<meta name=\"twitter:data1\" content=\"1 minuto\" \/>\n<script type=\"application\/ld+json\" class=\"yoast-schema-graph\">{\"@context\":\"https:\/\/schema.org\",\"@graph\":[{\"@type\":\"WebPage\",\"@id\":\"https:\/\/tehco.com.ar\/\",\"url\":\"https:\/\/tehco.com.ar\/\",\"name\":\"\u00a1Bienvenidos! - TEHCO\",\"isPartOf\":{\"@id\":\"https:\/\/tehco.com.ar\/#website\"},\"datePublished\":\"2023-01-10T15:06:53+00:00\",\"dateModified\":\"2025-06-03T14:02:00+00:00\",\"description\":\"Somos TEHCO. Una empresa de aproximadamente 4 a\u00f1os de trayectoria en el mercado, y con m\u00e1s de 15 a\u00f1os de experiencia t\u00e9cnica.\",\"breadcrumb\":{\"@id\":\"https:\/\/tehco.com.ar\/#breadcrumb\"},\"inLanguage\":\"es-AR\",\"potentialAction\":[{\"@type\":\"ReadAction\",\"target\":[\"https:\/\/tehco.com.ar\/\"]}]},{\"@type\":\"BreadcrumbList\",\"@id\":\"https:\/\/tehco.com.ar\/#breadcrumb\",\"itemListElement\":[{\"@type\":\"ListItem\",\"position\":1,\"name\":\"Inicio\",\"item\":\"https:\/\/tehco.com.ar\/\"},{\"@type\":\"ListItem\",\"position\":2,\"name\":\"\u00a1Bienvenidos!\"}]},{\"@type\":\"WebSite\",\"@id\":\"https:\/\/tehco.com.ar\/#website\",\"url\":\"https:\/\/tehco.com.ar\/\",\"name\":\"TEHCO\",\"description\":\"\",\"publisher\":{\"@id\":\"https:\/\/tehco.com.ar\/#organization\"},\"potentialAction\":[{\"@type\":\"SearchAction\",\"target\":{\"@type\":\"EntryPoint\",\"urlTemplate\":\"https:\/\/tehco.com.ar\/?s={search_term_string}\"},\"query-input\":{\"@type\":\"PropertyValueSpecification\",\"valueRequired\":true,\"valueName\":\"search_term_string\"}}],\"inLanguage\":\"es-AR\"},{\"@type\":\"Organization\",\"@id\":\"https:\/\/tehco.com.ar\/#organization\",\"name\":\"TEHCO\",\"url\":\"https:\/\/tehco.com.ar\/\",\"logo\":{\"@type\":\"ImageObject\",\"inLanguage\":\"es-AR\",\"@id\":\"https:\/\/tehco.com.ar\/#\/schema\/logo\/image\/\",\"url\":\"https:\/\/tehco.com.ar\/wp-content\/uploads\/2024\/03\/1-1.png\",\"contentUrl\":\"https:\/\/tehco.com.ar\/wp-content\/uploads\/2024\/03\/1-1.png\",\"width\":500,\"height\":500,\"caption\":\"TEHCO\"},\"image\":{\"@id\":\"https:\/\/tehco.com.ar\/#\/schema\/logo\/image\/\"}}]}<\/script>\n<!-- \/ Yoast SEO plugin. -->","yoast_head_json":{"title":"\u00a1Bienvenidos! - TEHCO","description":"Somos TEHCO. Una empresa de aproximadamente 4 a\u00f1os de trayectoria en el mercado, y con m\u00e1s de 15 a\u00f1os de experiencia t\u00e9cnica.","robots":{"index":"index","follow":"follow","max-snippet":"max-snippet:-1","max-image-preview":"max-image-preview:large","max-video-preview":"max-video-preview:-1"},"canonical":"https:\/\/tehco.com.ar\/","og_locale":"es_ES","og_type":"article","og_title":"\u00a1Bienvenidos! - TEHCO","og_description":"Somos TEHCO. Una empresa de aproximadamente 4 a\u00f1os de trayectoria en el mercado, y con m\u00e1s de 15 a\u00f1os de experiencia t\u00e9cnica.","og_url":"https:\/\/tehco.com.ar\/","og_site_name":"TEHCO","article_modified_time":"2025-06-03T14:02:00+00:00","twitter_card":"summary_large_image","twitter_misc":{"Tiempo de lectura":"1 minuto"},"schema":{"@context":"https:\/\/schema.org","@graph":[{"@type":"WebPage","@id":"https:\/\/tehco.com.ar\/","url":"https:\/\/tehco.com.ar\/","name":"\u00a1Bienvenidos! - TEHCO","isPartOf":{"@id":"https:\/\/tehco.com.ar\/#website"},"datePublished":"2023-01-10T15:06:53+00:00","dateModified":"2025-06-03T14:02:00+00:00","description":"Somos TEHCO. Una empresa de aproximadamente 4 a\u00f1os de trayectoria en el mercado, y con m\u00e1s de 15 a\u00f1os de experiencia t\u00e9cnica.","breadcrumb":{"@id":"https:\/\/tehco.com.ar\/#breadcrumb"},"inLanguage":"es-AR","potentialAction":[{"@type":"ReadAction","target":["https:\/\/tehco.com.ar\/"]}]},{"@type":"BreadcrumbList","@id":"https:\/\/tehco.com.ar\/#breadcrumb","itemListElement":[{"@type":"ListItem","position":1,"name":"Inicio","item":"https:\/\/tehco.com.ar\/"},{"@type":"ListItem","position":2,"name":"\u00a1Bienvenidos!"}]},{"@type":"WebSite","@id":"https:\/\/tehco.com.ar\/#website","url":"https:\/\/tehco.com.ar\/","name":"TEHCO","description":"","publisher":{"@id":"https:\/\/tehco.com.ar\/#organization"},"potentialAction":[{"@type":"SearchAction","target":{"@type":"EntryPoint","urlTemplate":"https:\/\/tehco.com.ar\/?s={search_term_string}"},"query-input":{"@type":"PropertyValueSpecification","valueRequired":true,"valueName":"search_term_string"}}],"inLanguage":"es-AR"},{"@type":"Organization","@id":"https:\/\/tehco.com.ar\/#organization","name":"TEHCO","url":"https:\/\/tehco.com.ar\/","logo":{"@type":"ImageObject","inLanguage":"es-AR","@id":"https:\/\/tehco.com.ar\/#\/schema\/logo\/image\/","url":"https:\/\/tehco.com.ar\/wp-content\/uploads\/2024\/03\/1-1.png","contentUrl":"https:\/\/tehco.com.ar\/wp-content\/uploads\/2024\/03\/1-1.png","width":500,"height":500,"caption":"TEHCO"},"image":{"@id":"https:\/\/tehco.com.ar\/#\/schema\/logo\/image\/"}}]}},"_links":{"self":[{"href":"https:\/\/tehco.com.ar\/index.php?rest_route=\/wp\/v2\/pages\/2","targetHints":{"allow":["GET"]}}],"collection":[{"href":"https:\/\/tehco.com.ar\/index.php?rest_route=\/wp\/v2\/pages"}],"about":[{"href":"https:\/\/tehco.com.ar\/index.php?rest_route=\/wp\/v2\/types\/page"}],"author":[{"embeddable":true,"href":"https:\/\/tehco.com.ar\/index.php?rest_route=\/wp\/v2\/users\/1"}],"replies":[{"embeddable":true,"href":"https:\/\/tehco.com.ar\/index.php?rest_route=%2Fwp%2Fv2%2Fcomments&post=2"}],"version-history":[{"count":17,"href":"https:\/\/tehco.com.ar\/index.php?rest_route=\/wp\/v2\/pages\/2\/revisions"}],"predecessor-version":[{"id":425,"href":"https:\/\/tehco.com.ar\/index.php?rest_route=\/wp\/v2\/pages\/2\/revisions\/425"}],"wp:attachment":[{"href":"https:\/\/tehco.com.ar\/index.php?rest_route=%2Fwp%2Fv2%2Fmedia&parent=2"}],"curies":[{"name":"wp","href":"https:\/\/api.w.org\/{rel}","templated":true}]}}