{"id":81,"date":"2022-12-12T11:00:57","date_gmt":"2022-12-12T14:00:57","guid":{"rendered":"https:\/\/www.demosktthemes.com\/free\/skt-patterns\/?page_id=14"},"modified":"2025-10-02T09:22:06","modified_gmt":"2025-10-02T12:22:06","slug":"works","status":"publish","type":"page","link":"https:\/\/tehco.com.ar\/?page_id=81","title":{"rendered":"Nuestras herramientas"},"content":{"rendered":"\t\t<div data-elementor-type=\"wp-page\" data-elementor-id=\"81\" class=\"elementor elementor-81\">\n\t\t\t\t<div class=\"elementor-element elementor-element-e95e414 e-flex e-con-boxed e-con e-parent\" data-id=\"e95e414\" data-element_type=\"container\">\n\t\t\t\t\t<div class=\"e-con-inner\">\n\t\t\t\t<div class=\"elementor-element elementor-element-5ff88eb elementor-widget elementor-widget-text-editor\" data-id=\"5ff88eb\" data-element_type=\"widget\" data-widget_type=\"text-editor.default\">\n\t\t\t\t<div class=\"elementor-widget-container\">\n\t\t\t\t\t\t\t\t\t<p style=\"text-align: left;\"><span style=\"font-size: 12pt; font-family: tahoma, arial, helvetica, sans-serif; color: #333333;\">Nos enfocamos en brindar un <strong>servicio integral<\/strong>, combinando organizaci\u00f3n, prolijidad y atenci\u00f3n al detalle. Para lograrlo, contamos con herramientas que respaldan cada etapa de nuestro trabajo.<\/span><\/p>\t\t\t\t\t\t\t\t<\/div>\n\t\t\t\t<\/div>\n\t\t\t\t\t<\/div>\n\t\t\t\t<\/div>\n\t\t<div class=\"elementor-element elementor-element-7d898db e-flex e-con-boxed e-con e-parent\" data-id=\"7d898db\" data-element_type=\"container\">\n\t\t\t\t\t<div class=\"e-con-inner\">\n\t\t\t\t<div class=\"elementor-element elementor-element-6409b11 elementor-position-left elementor-vertical-align-middle elementor-invisible elementor-widget elementor-widget-image-box\" data-id=\"6409b11\" data-element_type=\"widget\" data-settings=\"{&quot;_animation&quot;:&quot;fadeInLeft&quot;}\" data-widget_type=\"image-box.default\">\n\t\t\t\t<div class=\"elementor-widget-container\">\n\t\t\t\t\t<div class=\"elementor-image-box-wrapper\"><figure class=\"elementor-image-box-img\"><img fetchpriority=\"high\" decoding=\"async\" width=\"613\" height=\"740\" src=\"https:\/\/tehco.com.ar\/wp-content\/uploads\/2023\/06\/Caldereria-Plano-1.jpg\" class=\"attachment-full size-full wp-image-261\" alt=\"\" srcset=\"https:\/\/tehco.com.ar\/wp-content\/uploads\/2023\/06\/Caldereria-Plano-1.jpg 613w, https:\/\/tehco.com.ar\/wp-content\/uploads\/2023\/06\/Caldereria-Plano-1-249x300.jpg 249w\" sizes=\"(max-width: 613px) 100vw, 613px\" \/><\/figure><div class=\"elementor-image-box-content\"><h3 class=\"elementor-image-box-title\">Planos y esquemas<\/h3><p class=\"elementor-image-box-description\">Desarrollamos planos t\u00e9cnicos y modelos tridimensionales, lo que nos permite planificar y optimizar cada proyecto con precisi\u00f3n antes de su fabricaci\u00f3n.\n<\/p><\/div><\/div>\t\t\t\t<\/div>\n\t\t\t\t<\/div>\n\t\t\t\t\t<\/div>\n\t\t\t\t<\/div>\n\t\t<div class=\"elementor-element elementor-element-e77821d e-flex e-con-boxed e-con e-parent\" data-id=\"e77821d\" data-element_type=\"container\">\n\t\t\t\t\t<div class=\"e-con-inner\">\n\t\t\t\t<div class=\"elementor-element elementor-element-b23fc66 elementor-position-right elementor-vertical-align-middle elementor-invisible elementor-widget elementor-widget-image-box\" data-id=\"b23fc66\" data-element_type=\"widget\" data-settings=\"{&quot;_animation&quot;:&quot;fadeInRight&quot;}\" data-widget_type=\"image-box.default\">\n\t\t\t\t<div class=\"elementor-widget-container\">\n\t\t\t\t\t<div class=\"elementor-image-box-wrapper\"><figure class=\"elementor-image-box-img\"><img decoding=\"async\" width=\"2560\" height=\"1920\" src=\"https:\/\/tehco.com.ar\/wp-content\/uploads\/2023\/06\/Metrologia-6-20230120_144500-scaled.jpg\" class=\"attachment-full size-full wp-image-265\" alt=\"\" srcset=\"https:\/\/tehco.com.ar\/wp-content\/uploads\/2023\/06\/Metrologia-6-20230120_144500-scaled.jpg 2560w, https:\/\/tehco.com.ar\/wp-content\/uploads\/2023\/06\/Metrologia-6-20230120_144500-300x225.jpg 300w, https:\/\/tehco.com.ar\/wp-content\/uploads\/2023\/06\/Metrologia-6-20230120_144500-1024x768.jpg 1024w, https:\/\/tehco.com.ar\/wp-content\/uploads\/2023\/06\/Metrologia-6-20230120_144500-768x576.jpg 768w, https:\/\/tehco.com.ar\/wp-content\/uploads\/2023\/06\/Metrologia-6-20230120_144500-1536x1152.jpg 1536w, https:\/\/tehco.com.ar\/wp-content\/uploads\/2023\/06\/Metrologia-6-20230120_144500-2048x1536.jpg 2048w\" sizes=\"(max-width: 706px) 89vw, (max-width: 767px) 82vw, 740px\" \/><\/figure><div class=\"elementor-image-box-content\"><h3 class=\"elementor-image-box-title\">Metrolog\u00eda<\/h3><p class=\"elementor-image-box-description\">Aplicamos t\u00e9cnicas de medici\u00f3n con instrumentos de alta precisi\u00f3n para verificar dimensiones, tolerancias y asegurar la calidad de las piezas y estructuras.\n<\/p><\/div><\/div>\t\t\t\t<\/div>\n\t\t\t\t<\/div>\n\t\t\t\t\t<\/div>\n\t\t\t\t<\/div>\n\t\t<div class=\"elementor-element elementor-element-5197d5d e-flex e-con-boxed e-con e-parent\" data-id=\"5197d5d\" data-element_type=\"container\">\n\t\t\t\t\t<div class=\"e-con-inner\">\n\t\t\t\t<div class=\"elementor-element elementor-element-896ad3a elementor-vertical-align-middle elementor-invisible elementor-widget elementor-widget-image-box\" data-id=\"896ad3a\" data-element_type=\"widget\" data-settings=\"{&quot;_animation&quot;:&quot;fadeInLeft&quot;}\" data-widget_type=\"image-box.default\">\n\t\t\t\t<div class=\"elementor-widget-container\">\n\t\t\t\t\t<div class=\"elementor-image-box-wrapper\"><div class=\"elementor-image-box-content\"><h3 class=\"elementor-image-box-title\">Calculo Estructural<\/h3><p class=\"elementor-image-box-description\">Realizamos an\u00e1lisis estructurales, evaluando esfuerzos, deformaciones y resistencia para garantizar la seguridad y funcionalidad de cada dise\u00f1o.<\/p><\/div><\/div>\t\t\t\t<\/div>\n\t\t\t\t<\/div>\n\t\t\t\t\t<\/div>\n\t\t\t\t<\/div>\n\t\t<div class=\"elementor-element elementor-element-4b31433 e-flex e-con-boxed e-con e-parent\" data-id=\"4b31433\" data-element_type=\"container\">\n\t\t\t\t\t<div class=\"e-con-inner\">\n\t\t\t\t<div class=\"elementor-element elementor-element-c6c77a7 elementor-position-right elementor-vertical-align-middle elementor-invisible elementor-widget elementor-widget-image-box\" data-id=\"c6c77a7\" data-element_type=\"widget\" data-settings=\"{&quot;_animation&quot;:&quot;fadeInRight&quot;}\" data-widget_type=\"image-box.default\">\n\t\t\t\t<div class=\"elementor-widget-container\">\n\t\t\t\t\t<div class=\"elementor-image-box-wrapper\"><figure class=\"elementor-image-box-img\"><img decoding=\"async\" width=\"1075\" height=\"1059\" src=\"https:\/\/tehco.com.ar\/wp-content\/uploads\/2025\/05\/Imagen-de-WhatsApp-2025-05-22-a-las-12.27.54_909e528b.jpg\" class=\"attachment-full size-full wp-image-513\" alt=\"\" srcset=\"https:\/\/tehco.com.ar\/wp-content\/uploads\/2025\/05\/Imagen-de-WhatsApp-2025-05-22-a-las-12.27.54_909e528b.jpg 1075w, https:\/\/tehco.com.ar\/wp-content\/uploads\/2025\/05\/Imagen-de-WhatsApp-2025-05-22-a-las-12.27.54_909e528b-300x296.jpg 300w, https:\/\/tehco.com.ar\/wp-content\/uploads\/2025\/05\/Imagen-de-WhatsApp-2025-05-22-a-las-12.27.54_909e528b-1024x1009.jpg 1024w, https:\/\/tehco.com.ar\/wp-content\/uploads\/2025\/05\/Imagen-de-WhatsApp-2025-05-22-a-las-12.27.54_909e528b-768x757.jpg 768w, https:\/\/tehco.com.ar\/wp-content\/uploads\/2025\/05\/Imagen-de-WhatsApp-2025-05-22-a-las-12.27.54_909e528b-100x100.jpg 100w\" sizes=\"(max-width: 706px) 89vw, (max-width: 767px) 82vw, 740px\" \/><\/figure><div class=\"elementor-image-box-content\"><h3 class=\"elementor-image-box-title\">Gesti\u00f3n de Proveedores<\/h3><p class=\"elementor-image-box-description\">Contamos con una red de proveedores confiables para coordinar procesos de fabricaci\u00f3n y provisi\u00f3n de materiales y componentes para cada aplicaci\u00f3n, haciendo foco en las especificaciones del cliente, como calidad, precio, plazo de entrega, entre otros.\n<\/p><\/div><\/div>\t\t\t\t<\/div>\n\t\t\t\t<\/div>\n\t\t\t\t\t<\/div>\n\t\t\t\t<\/div>\n\t\t\t\t<\/div>\n\t\t","protected":false},"excerpt":{"rendered":"<p>Nos enfocamos en brindar un servicio integral, combinando organizaci\u00f3n, prolijidad y atenci\u00f3n al detalle. Para lograrlo, contamos con herramientas que respaldan cada etapa de nuestro trabajo. Planos y esquemas Desarrollamos planos t\u00e9cnicos y modelos tridimensionales, lo que nos permite planificar y optimizar cada proyecto con precisi\u00f3n antes de su fabricaci\u00f3n. Metrolog\u00eda Aplicamos t\u00e9cnicas de medici\u00f3n &hellip; <\/p>\n<p class=\"link-more\"><a href=\"https:\/\/tehco.com.ar\/?page_id=81\" class=\"more-link\">Segu\u00ed leyendo<span class=\"screen-reader-text\"> &#8220;Nuestras herramientas&#8221;<\/span><\/a><\/p>\n","protected":false},"author":1,"featured_media":0,"parent":2,"menu_order":0,"comment_status":"closed","ping_status":"closed","template":"","meta":{"_joinchat":[],"footnotes":""},"class_list":["post-81","page","type-page","status-publish","hentry"],"yoast_head":"<!-- This site is optimized with the Yoast SEO plugin v26.6 - https:\/\/yoast.com\/wordpress\/plugins\/seo\/ -->\n<title>Nuestras herramientas - TEHCO<\/title>\n<meta name=\"description\" content=\"Contamos con herramientas de alta calidad que respaldan nuestro trabajo, garantizando precisi\u00f3n, eficiencia y confianza en cada servicio.\" \/>\n<meta name=\"robots\" content=\"index, follow, max-snippet:-1, max-image-preview:large, max-video-preview:-1\" \/>\n<link rel=\"canonical\" href=\"https:\/\/tehco.com.ar\/?page_id=81\" \/>\n<meta property=\"og:locale\" content=\"es_ES\" \/>\n<meta property=\"og:type\" content=\"article\" \/>\n<meta property=\"og:title\" content=\"Nuestras herramientas - TEHCO\" \/>\n<meta property=\"og:description\" content=\"Contamos con herramientas de alta calidad que respaldan nuestro trabajo, garantizando precisi\u00f3n, eficiencia y confianza en cada servicio.\" \/>\n<meta property=\"og:url\" content=\"https:\/\/tehco.com.ar\/?page_id=81\" \/>\n<meta property=\"og:site_name\" content=\"TEHCO\" \/>\n<meta property=\"article:modified_time\" content=\"2025-10-02T12:22:06+00:00\" \/>\n<meta property=\"og:image\" content=\"https:\/\/tehco.com.ar\/wp-content\/uploads\/2023\/06\/Caldereria-Plano-1.jpg\" \/>\n\t<meta property=\"og:image:width\" content=\"613\" \/>\n\t<meta property=\"og:image:height\" content=\"740\" \/>\n\t<meta property=\"og:image:type\" content=\"image\/jpeg\" \/>\n<meta name=\"twitter:card\" content=\"summary_large_image\" \/>\n<meta name=\"twitter:label1\" content=\"Tiempo de lectura\" \/>\n\t<meta name=\"twitter:data1\" content=\"2 minutos\" \/>\n<script type=\"application\/ld+json\" class=\"yoast-schema-graph\">{\"@context\":\"https:\/\/schema.org\",\"@graph\":[{\"@type\":\"WebPage\",\"@id\":\"https:\/\/tehco.com.ar\/?page_id=81\",\"url\":\"https:\/\/tehco.com.ar\/?page_id=81\",\"name\":\"Nuestras herramientas - TEHCO\",\"isPartOf\":{\"@id\":\"https:\/\/tehco.com.ar\/#website\"},\"primaryImageOfPage\":{\"@id\":\"https:\/\/tehco.com.ar\/?page_id=81#primaryimage\"},\"image\":{\"@id\":\"https:\/\/tehco.com.ar\/?page_id=81#primaryimage\"},\"thumbnailUrl\":\"https:\/\/tehco.com.ar\/wp-content\/uploads\/2023\/06\/Caldereria-Plano-1.jpg\",\"datePublished\":\"2022-12-12T14:00:57+00:00\",\"dateModified\":\"2025-10-02T12:22:06+00:00\",\"description\":\"Contamos con herramientas de alta calidad que respaldan nuestro trabajo, garantizando precisi\u00f3n, eficiencia y confianza en cada servicio.\",\"breadcrumb\":{\"@id\":\"https:\/\/tehco.com.ar\/?page_id=81#breadcrumb\"},\"inLanguage\":\"es-AR\",\"potentialAction\":[{\"@type\":\"ReadAction\",\"target\":[\"https:\/\/tehco.com.ar\/?page_id=81\"]}]},{\"@type\":\"ImageObject\",\"inLanguage\":\"es-AR\",\"@id\":\"https:\/\/tehco.com.ar\/?page_id=81#primaryimage\",\"url\":\"https:\/\/tehco.com.ar\/wp-content\/uploads\/2023\/06\/Caldereria-Plano-1.jpg\",\"contentUrl\":\"https:\/\/tehco.com.ar\/wp-content\/uploads\/2023\/06\/Caldereria-Plano-1.jpg\",\"width\":613,\"height\":740},{\"@type\":\"BreadcrumbList\",\"@id\":\"https:\/\/tehco.com.ar\/?page_id=81#breadcrumb\",\"itemListElement\":[{\"@type\":\"ListItem\",\"position\":1,\"name\":\"Inicio\",\"item\":\"https:\/\/tehco.com.ar\/\"},{\"@type\":\"ListItem\",\"position\":2,\"name\":\"\u00a1Bienvenidos!\",\"item\":\"https:\/\/tehco.com.ar\/\"},{\"@type\":\"ListItem\",\"position\":3,\"name\":\"Nuestras herramientas\"}]},{\"@type\":\"WebSite\",\"@id\":\"https:\/\/tehco.com.ar\/#website\",\"url\":\"https:\/\/tehco.com.ar\/\",\"name\":\"TEHCO\",\"description\":\"\",\"publisher\":{\"@id\":\"https:\/\/tehco.com.ar\/#organization\"},\"potentialAction\":[{\"@type\":\"SearchAction\",\"target\":{\"@type\":\"EntryPoint\",\"urlTemplate\":\"https:\/\/tehco.com.ar\/?s={search_term_string}\"},\"query-input\":{\"@type\":\"PropertyValueSpecification\",\"valueRequired\":true,\"valueName\":\"search_term_string\"}}],\"inLanguage\":\"es-AR\"},{\"@type\":\"Organization\",\"@id\":\"https:\/\/tehco.com.ar\/#organization\",\"name\":\"TEHCO\",\"url\":\"https:\/\/tehco.com.ar\/\",\"logo\":{\"@type\":\"ImageObject\",\"inLanguage\":\"es-AR\",\"@id\":\"https:\/\/tehco.com.ar\/#\/schema\/logo\/image\/\",\"url\":\"https:\/\/tehco.com.ar\/wp-content\/uploads\/2024\/03\/1-1.png\",\"contentUrl\":\"https:\/\/tehco.com.ar\/wp-content\/uploads\/2024\/03\/1-1.png\",\"width\":500,\"height\":500,\"caption\":\"TEHCO\"},\"image\":{\"@id\":\"https:\/\/tehco.com.ar\/#\/schema\/logo\/image\/\"}}]}<\/script>\n<!-- \/ Yoast SEO plugin. -->","yoast_head_json":{"title":"Nuestras herramientas - TEHCO","description":"Contamos con herramientas de alta calidad que respaldan nuestro trabajo, garantizando precisi\u00f3n, eficiencia y confianza en cada servicio.","robots":{"index":"index","follow":"follow","max-snippet":"max-snippet:-1","max-image-preview":"max-image-preview:large","max-video-preview":"max-video-preview:-1"},"canonical":"https:\/\/tehco.com.ar\/?page_id=81","og_locale":"es_ES","og_type":"article","og_title":"Nuestras herramientas - TEHCO","og_description":"Contamos con herramientas de alta calidad que respaldan nuestro trabajo, garantizando precisi\u00f3n, eficiencia y confianza en cada servicio.","og_url":"https:\/\/tehco.com.ar\/?page_id=81","og_site_name":"TEHCO","article_modified_time":"2025-10-02T12:22:06+00:00","og_image":[{"width":613,"height":740,"url":"https:\/\/tehco.com.ar\/wp-content\/uploads\/2023\/06\/Caldereria-Plano-1.jpg","type":"image\/jpeg"}],"twitter_card":"summary_large_image","twitter_misc":{"Tiempo de lectura":"2 minutos"},"schema":{"@context":"https:\/\/schema.org","@graph":[{"@type":"WebPage","@id":"https:\/\/tehco.com.ar\/?page_id=81","url":"https:\/\/tehco.com.ar\/?page_id=81","name":"Nuestras herramientas - TEHCO","isPartOf":{"@id":"https:\/\/tehco.com.ar\/#website"},"primaryImageOfPage":{"@id":"https:\/\/tehco.com.ar\/?page_id=81#primaryimage"},"image":{"@id":"https:\/\/tehco.com.ar\/?page_id=81#primaryimage"},"thumbnailUrl":"https:\/\/tehco.com.ar\/wp-content\/uploads\/2023\/06\/Caldereria-Plano-1.jpg","datePublished":"2022-12-12T14:00:57+00:00","dateModified":"2025-10-02T12:22:06+00:00","description":"Contamos con herramientas de alta calidad que respaldan nuestro trabajo, garantizando precisi\u00f3n, eficiencia y confianza en cada servicio.","breadcrumb":{"@id":"https:\/\/tehco.com.ar\/?page_id=81#breadcrumb"},"inLanguage":"es-AR","potentialAction":[{"@type":"ReadAction","target":["https:\/\/tehco.com.ar\/?page_id=81"]}]},{"@type":"ImageObject","inLanguage":"es-AR","@id":"https:\/\/tehco.com.ar\/?page_id=81#primaryimage","url":"https:\/\/tehco.com.ar\/wp-content\/uploads\/2023\/06\/Caldereria-Plano-1.jpg","contentUrl":"https:\/\/tehco.com.ar\/wp-content\/uploads\/2023\/06\/Caldereria-Plano-1.jpg","width":613,"height":740},{"@type":"BreadcrumbList","@id":"https:\/\/tehco.com.ar\/?page_id=81#breadcrumb","itemListElement":[{"@type":"ListItem","position":1,"name":"Inicio","item":"https:\/\/tehco.com.ar\/"},{"@type":"ListItem","position":2,"name":"\u00a1Bienvenidos!","item":"https:\/\/tehco.com.ar\/"},{"@type":"ListItem","position":3,"name":"Nuestras herramientas"}]},{"@type":"WebSite","@id":"https:\/\/tehco.com.ar\/#website","url":"https:\/\/tehco.com.ar\/","name":"TEHCO","description":"","publisher":{"@id":"https:\/\/tehco.com.ar\/#organization"},"potentialAction":[{"@type":"SearchAction","target":{"@type":"EntryPoint","urlTemplate":"https:\/\/tehco.com.ar\/?s={search_term_string}"},"query-input":{"@type":"PropertyValueSpecification","valueRequired":true,"valueName":"search_term_string"}}],"inLanguage":"es-AR"},{"@type":"Organization","@id":"https:\/\/tehco.com.ar\/#organization","name":"TEHCO","url":"https:\/\/tehco.com.ar\/","logo":{"@type":"ImageObject","inLanguage":"es-AR","@id":"https:\/\/tehco.com.ar\/#\/schema\/logo\/image\/","url":"https:\/\/tehco.com.ar\/wp-content\/uploads\/2024\/03\/1-1.png","contentUrl":"https:\/\/tehco.com.ar\/wp-content\/uploads\/2024\/03\/1-1.png","width":500,"height":500,"caption":"TEHCO"},"image":{"@id":"https:\/\/tehco.com.ar\/#\/schema\/logo\/image\/"}}]}},"_links":{"self":[{"href":"https:\/\/tehco.com.ar\/index.php?rest_route=\/wp\/v2\/pages\/81","targetHints":{"allow":["GET"]}}],"collection":[{"href":"https:\/\/tehco.com.ar\/index.php?rest_route=\/wp\/v2\/pages"}],"about":[{"href":"https:\/\/tehco.com.ar\/index.php?rest_route=\/wp\/v2\/types\/page"}],"author":[{"embeddable":true,"href":"https:\/\/tehco.com.ar\/index.php?rest_route=\/wp\/v2\/users\/1"}],"replies":[{"embeddable":true,"href":"https:\/\/tehco.com.ar\/index.php?rest_route=%2Fwp%2Fv2%2Fcomments&post=81"}],"version-history":[{"count":25,"href":"https:\/\/tehco.com.ar\/index.php?rest_route=\/wp\/v2\/pages\/81\/revisions"}],"predecessor-version":[{"id":644,"href":"https:\/\/tehco.com.ar\/index.php?rest_route=\/wp\/v2\/pages\/81\/revisions\/644"}],"up":[{"embeddable":true,"href":"https:\/\/tehco.com.ar\/index.php?rest_route=\/wp\/v2\/pages\/2"}],"wp:attachment":[{"href":"https:\/\/tehco.com.ar\/index.php?rest_route=%2Fwp%2Fv2%2Fmedia&parent=81"}],"curies":[{"name":"wp","href":"https:\/\/api.w.org\/{rel}","templated":true}]}}